{"id":187,"date":"2025-07-10T08:23:16","date_gmt":"2025-07-10T08:23:16","guid":{"rendered":"https:\/\/innovarereformas.com\/?page_id=187"},"modified":"2025-11-12T17:09:03","modified_gmt":"2025-11-12T17:09:03","slug":"accesibilidad","status":"publish","type":"page","link":"https:\/\/innovarereformas.com\/en\/accesibilidad\/","title":{"rendered":"Accesibilidad"},"content":{"rendered":"<div id=\"fws_69fcaafc085ca\"  data-column-margin=\"default\" data-midnight=\"dark\" data-top-percent=\"5%\" data-bottom-percent=\"5%\"  class=\"wpb_row vc_row-fluid vc_row full-width-section vc_row-o-equal-height vc_row-flex vc_row-o-content-bottom parallax_section right_padding_5pct left_padding_5pct\"  style=\"padding-top: calc(100vw * 0.05); padding-bottom: calc(100vw * 0.05); \"><div class=\"row-bg-wrap\" data-bg-animation=\"fade-in\" data-bg-animation-delay=\"\" data-bg-overlay=\"false\"><div class=\"inner-wrap row-bg-layer\" ><div class=\"row-bg viewport-desktop\" data-parallax-speed=\"fast\" style=\"\"><\/div><\/div><\/div><div class=\"row_col_wrap_12 col span_12 dark left\">\n\t<div  class=\"vc_col-sm-12 wpb_column column_container vc_column_container col left_padding_desktop_2pct right_padding_desktop_2pct bottom_padding_desktop_2pct\"  data-padding-pos=\"all\" data-has-bg-color=\"false\" data-bg-color=\"\" data-bg-opacity=\"1\" data-animation=\"\" data-delay=\"0\" >\n\t\t<div class=\"vc_column-inner\" >\n\t\t\t<div class=\"wpb_wrapper\">\n\t\t\t\t\n<div class=\"wpb_text_column wpb_content_element\" >\n\t<div class=\"wpb_wrapper\">\n\t\t<h1>Declaraci\u00f3n de Accesibilidad<\/h1>\n<p><strong>Innovare Reforma Studio S.L.<\/strong> se ha comprometido a hacer accesibles sus sitios web de conformidad con el Real Decreto 1112\/2018, de 7 de septiembre, sobre accesibilidad de los sitios web y aplicaciones para dispositivos m\u00f3viles del sector p\u00fablico (en adelante, Real Decreto 1112\/2018, de 7 de septiembre).<\/p>\n<p>La presente declaraci\u00f3n de accesibilidad se aplica al sitio web <a href=\"https:\/\/innovarereformas.com\/en\/\">https:\/\/innovarereformas.com\/<\/a> (los subdominios de este sitio web tendr\u00e1n sus propias declaraciones de accesibilidad).<\/p>\n<h2>Situaci\u00f3n de cumplimiento<\/h2>\n<p>Este sitio web es plenamente conforme con el Real Decreto 1112\/2018, de 7 de septiembre, debido a la obtenci\u00f3n de una puntuaci\u00f3n media del sitio web de 10,00.<\/p>\n<h2>Preparaci\u00f3n de la presente declaraci\u00f3n de accesibilidad<\/h2>\n<p>La presente declaraci\u00f3n fue preparada el <strong>17 de septiembre de 2025<\/strong>.<\/p>\n<p>El m\u00e9todo empleado para preparar la declaraci\u00f3n ha sido una autoevaluaci\u00f3n llevada a cabo por el propio organismo.<\/p>\n<p>\u00daltima revisi\u00f3n de la declaraci\u00f3n: <strong>17 de septiembre de 2025<\/strong>.<\/p>\n<h3>Comunicaciones y contacto<\/h3>\n<p>Puede realizar comunicaciones sobre requisitos de accesibilidad (art\u00edculo 10.2.a del Real Decreto 1112\/2018, de 7 de septiembre), como por ejemplo:<\/p>\n<ul>\n<li>Informar sobre cualquier posible incumplimiento por parte de este sitio web.<\/li>\n<li>Transmitir otras dificultades de acceso al contenido.<\/li>\n<li>Formular cualquier otra consulta o sugerencia de mejora relativa a la accesibilidad del sitio web.<\/li>\n<\/ul>\n<p>Puede contactar a trav\u00e9s de las siguientes v\u00edas:<\/p>\n<ul>\n<li><strong>Correo electr\u00f3nico:<\/strong> <a href=\"mailto:daniel.guerrero@innovarereformas.com\">daniel.guerrero@innovarereformas.com<\/a><\/li>\n<li><strong>Tel\u00e9fono:<\/strong> +34 625 97 39 24<\/li>\n<li><strong>Direcci\u00f3n postal:<\/strong> Calle Sueca 81, 46006, Valencia<\/li>\n<\/ul>\n<p>Tambi\u00e9n puede solicitar en formato accesible informaci\u00f3n que no cumpla con los requisitos de accesibilidad bien por estar excluida, bien por estar exenta por carga desproporcionada; o formular una queja por incumplimiento de los requisitos de accesibilidad.<\/p>\n<p><strong>Enlace al procedimiento de solicitud de informaci\u00f3n accesible y quejas<\/strong>, del art\u00edculo 12 del Real Decreto 1112\/2018, de 7 de septiembre.<\/p>\n<p>Las comunicaciones, solicitudes de informaci\u00f3n accesible y quejas deben dirigirse a <strong>Innovare Reforma Studio S.L.<\/strong>, como entidad responsable de los contenidos de este sitio web.<\/p>\n<h2>Procedimiento de aplicaci\u00f3n<\/h2>\n<p>A trav\u00e9s de este procedimiento podr\u00e1:<\/p>\n<ul>\n<li>Iniciar una reclamaci\u00f3n para conocer y oponerse a los motivos de la desestimaci\u00f3n de una solicitud de informaci\u00f3n accesible o queja.<\/li>\n<li>Instar la adopci\u00f3n de medidas oportunas si no est\u00e1 de acuerdo con la decisi\u00f3n adoptada.<\/li>\n<li>Exponer las razones por las que considera que la respuesta no cumple con los requisitos exigidos.<\/li>\n<\/ul>\n<p><strong>Enlace al procedimiento de reclamaci\u00f3n<\/strong>, que debe dirigirse a <strong>Innovare Reforma Studio S.L.<\/strong>, como unidad responsable de accesibilidad del sitio web. Si la reclamaci\u00f3n es por una actuaci\u00f3n de dicha unidad, deber\u00e1 dirigirse al superior jer\u00e1rquico de \u00e9sta.<\/p>\n<h2>Contenido opcional<\/h2>\n<p>La versi\u00f3n actualmente visible de este sitio web es de septiembre 2025 y en esa fecha se hizo la revisi\u00f3n del nivel de accesibilidad vigente en aquel momento.<\/p>\n<p>A partir de dicha fecha se llevan a cabo revisiones parciales diarias del contenido web nuevo o modificado, tanto de las plantillas como de las p\u00e1ginas y documentos finales publicados, a fin de asegurar el cumplimiento de los requerimientos de accesibilidad de la Norma UNE-EN 301549:2022, considerando las excepciones del Real Decreto 1112\/2018, de 7 de septiembre.<\/p>\n<h3>Medidas adoptadas para facilitar la accesibilidad<\/h3>\n<ul>\n<li>Uso de los est\u00e1ndares del W3C: XHTML 1.0, CSS 3.0, WAI AA.<\/li>\n<li>Utilizaci\u00f3n de texto alternativo en las im\u00e1genes.<\/li>\n<li>Los enlaces ofrecen detalles de la funci\u00f3n o destino del hiperv\u00ednculo.<\/li>\n<\/ul>\n\t<\/div>\n<\/div>\n\n\n\n\n\t\t\t<\/div> \n\t\t<\/div>\n\t<\/div> \n<\/div><\/div>","protected":false},"excerpt":{"rendered":"Declaraci\u00f3n de Accesibilidad Innovare Reforma Studio S.L. se ha comprometido a hacer accesibles sus sitios web de conformidad con el Real Decreto 1112\/2018, de 7 de septiembre, sobre accesibilidad de...","protected":false},"author":1,"featured_media":0,"parent":0,"menu_order":0,"comment_status":"closed","ping_status":"closed","template":"","meta":{"footnotes":""},"class_list":["post-187","page","type-page","status-publish"],"_links":{"self":[{"href":"https:\/\/innovarereformas.com\/en\/wp-json\/wp\/v2\/pages\/187","targetHints":{"allow":["GET"]}}],"collection":[{"href":"https:\/\/innovarereformas.com\/en\/wp-json\/wp\/v2\/pages"}],"about":[{"href":"https:\/\/innovarereformas.com\/en\/wp-json\/wp\/v2\/types\/page"}],"author":[{"embeddable":true,"href":"https:\/\/innovarereformas.com\/en\/wp-json\/wp\/v2\/users\/1"}],"replies":[{"embeddable":true,"href":"https:\/\/innovarereformas.com\/en\/wp-json\/wp\/v2\/comments?post=187"}],"version-history":[{"count":17,"href":"https:\/\/innovarereformas.com\/en\/wp-json\/wp\/v2\/pages\/187\/revisions"}],"predecessor-version":[{"id":405,"href":"https:\/\/innovarereformas.com\/en\/wp-json\/wp\/v2\/pages\/187\/revisions\/405"}],"wp:attachment":[{"href":"https:\/\/innovarereformas.com\/en\/wp-json\/wp\/v2\/media?parent=187"}],"curies":[{"name":"wp","href":"https:\/\/api.w.org\/{rel}","templated":true}]}}