{"id":500,"date":"2026-03-04T22:28:41","date_gmt":"2026-03-04T22:28:41","guid":{"rendered":"https:\/\/innovarereformas.com\/?page_id=500"},"modified":"2026-03-04T22:56:01","modified_gmt":"2026-03-04T22:56:01","slug":"blog","status":"publish","type":"page","link":"https:\/\/innovarereformas.com\/en\/blog\/","title":{"rendered":"Blog"},"content":{"rendered":"<div id=\"fws_69e3a9f6a5257\"  data-column-margin=\"default\" data-midnight=\"dark\" data-top-percent=\"6%\" data-bottom-percent=\"6%\"  class=\"wpb_row vc_row-fluid vc_row full-width-section\"  style=\"padding-top: calc(100vw * 0.06); padding-bottom: calc(100vw * 0.06); \"><div class=\"row-bg-wrap\" data-bg-animation=\"none\" data-bg-animation-delay=\"\" data-bg-overlay=\"false\"><div class=\"inner-wrap row-bg-layer\" ><div class=\"row-bg viewport-desktop\"  style=\"\"><\/div><\/div><\/div><div class=\"row_col_wrap_12 col span_12 dark left\">\n\t<div  class=\"vc_col-sm-12 wpb_column column_container vc_column_container col no-extra-padding inherit_tablet inherit_phone\"  data-padding-pos=\"all\" data-has-bg-color=\"false\" data-bg-color=\"\" data-bg-opacity=\"1\" data-animation=\"\" data-delay=\"0\" >\n\t\t<div class=\"vc_column-inner\" >\n\t\t\t<div class=\"wpb_wrapper\">\n\t\t\t\t\n<div class=\"wpb_text_column wpb_content_element\" >\n\t<div class=\"wpb_wrapper\">\n\t\t<h2 style=\"text-align: center;\">Ideas y consejos para tu reforma<\/h2>\n\t<\/div>\n<\/div>\n\n\n\n\n<div class=\"wpb_text_column wpb_content_element\" >\n\t<div class=\"wpb_wrapper\">\n\t\t<p style=\"text-align: center;\">En nuestro blog compartimos inspiraci\u00f3n, tendencias y consejos pr\u00e1cticos sobre reformas integrales, dise\u00f1o de interiores, cocinas, ba\u00f1os y materiales.<\/p>\n<p style=\"text-align: center;\">Descubre proyectos reales y soluciones que aplicamos en nuestras obras.<\/p>\n\t<\/div>\n<\/div>\n\n\n\n\n<div class=\"row\">\n\n <div class=\"post-area col  span_12 col_last masonry material\" data-ams=\"\" data-remove-post-date=\"\" data-remove-post-author=\"\" data-remove-post-comment-number=\"\" data-remove-post-nectar-love=\"\"> <div class=\"posts-container\" data-load-animation=\"fade_in_from_bottom\">     \n     \n<article id=\"post-512\" class=\"masonry-blog-item post-512 post type-post status-publish format-standard has-post-thumbnail category-antes-de-reformar\">  \n    \n  <div class=\"inner-wrap animated\">\n    \n    <div class=\"post-content\">\n\n      <div class=\"content-inner\">\n        \n        <a class=\"entire-meta-link\" href=\"https:\/\/innovarereformas.com\/en\/antes-de-pensar-en-una-reforma-piensa-en-esto\/\"><span class=\"screen-reader-text\">Antes de pensar en una reforma, piensa en esto<\/span><\/a>\n        \n        <span class=\"post-featured-img\"><img loading=\"lazy\" decoding=\"async\" width=\"1024\" height=\"554\" src=\"https:\/\/innovarereformas.com\/wp-content\/uploads\/2026\/04\/WEB_Innovare-1024x554.png\" class=\"attachment-large size-large skip-lazy wp-post-image\" alt=\"\" title=\"\" sizes=\"auto, (min-width: 1600px) 20vw, (min-width: 1300px) 25vw, (min-width: 1000px) 33.3vw, (min-width: 690px) 50vw, 100vw\" srcset=\"https:\/\/innovarereformas.com\/wp-content\/uploads\/2026\/04\/WEB_Innovare-1024x554.png 1024w, https:\/\/innovarereformas.com\/wp-content\/uploads\/2026\/04\/WEB_Innovare-300x162.png 300w, https:\/\/innovarereformas.com\/wp-content\/uploads\/2026\/04\/WEB_Innovare-768x416.png 768w, https:\/\/innovarereformas.com\/wp-content\/uploads\/2026\/04\/WEB_Innovare-1536x831.png 1536w, https:\/\/innovarereformas.com\/wp-content\/uploads\/2026\/04\/WEB_Innovare-18x10.png 18w, https:\/\/innovarereformas.com\/wp-content\/uploads\/2026\/04\/WEB_Innovare.png 1600w\" \/><\/span><span class=\"meta-category\"><a class=\"antes-de-reformar\" href=\"https:\/\/innovarereformas.com\/en\/category\/antes-de-reformar\/\">Antes de reformar<\/a><\/span>        \n        <div class=\"article-content-wrap\">\n          \n          <div class=\"post-header\">\n            <h3 class=\"title\"><a href=\"https:\/\/innovarereformas.com\/en\/antes-de-pensar-en-una-reforma-piensa-en-esto\/\"> Antes de pensar en una reforma, piensa en esto<\/a><\/h3>\n          <\/div>\n          \n          <div class=\"excerpt\">Hay un momento, justo antes de empezar una reforma, en el que todo parece bastante&hellip;<\/div><div class=\"grav-wrap\"><a href=\"https:\/\/innovarereformas.com\/en\/author\/innovare\/\"><img alt='innovare' src='https:\/\/secure.gravatar.com\/avatar\/4a085158788b7353892c2f974c4fa9a039695eeb4242bbd2a00ac8dbd75fd813?s=70&#038;d=mm&#038;r=g' srcset='https:\/\/secure.gravatar.com\/avatar\/4a085158788b7353892c2f974c4fa9a039695eeb4242bbd2a00ac8dbd75fd813?s=140&#038;d=mm&#038;r=g 2x' class='avatar avatar-70 photo' height='70' width='70' \/><\/a><div class=\"text\"><a href=\"https:\/\/innovarereformas.com\/en\/author\/innovare\/\" rel=\"author\">innovare<\/a><span>April 15, 2026<\/span><\/div><\/div>\n        <\/div><!--article-content-wrap-->\n        \n      <\/div><!--\/content-inner-->\n        \n    <\/div><!--\/post-content-->\n      \n  <\/div><!--\/inner-wrap-->\n    \n<\/article>     \n     \n<article id=\"post-506\" class=\"masonry-blog-item post-506 post type-post status-publish format-standard has-post-thumbnail category-tips-reformas\">  \n    \n  <div class=\"inner-wrap animated\">\n    \n    <div class=\"post-content\">\n\n      <div class=\"content-inner\">\n        \n        <a class=\"entire-meta-link\" href=\"https:\/\/innovarereformas.com\/en\/5-errores-que-debes-evitar-antes-de-empezar-una-reforma-en-casa\/\"><span class=\"screen-reader-text\">5 errores que debes evitar antes de empezar una reforma en casa<\/span><\/a>\n        \n        <span class=\"post-featured-img\"><img loading=\"lazy\" decoding=\"async\" width=\"768\" height=\"1024\" src=\"https:\/\/innovarereformas.com\/wp-content\/uploads\/2025\/06\/Imagen-de-WhatsApp-2025-03-28-a-las-17.28.32_919f5276-768x1024.jpg\" class=\"attachment-large size-large skip-lazy wp-post-image\" alt=\"\" title=\"\" sizes=\"auto, (min-width: 1600px) 20vw, (min-width: 1300px) 25vw, (min-width: 1000px) 33.3vw, (min-width: 690px) 50vw, 100vw\" srcset=\"https:\/\/innovarereformas.com\/wp-content\/uploads\/2025\/06\/Imagen-de-WhatsApp-2025-03-28-a-las-17.28.32_919f5276-768x1024.jpg 768w, https:\/\/innovarereformas.com\/wp-content\/uploads\/2025\/06\/Imagen-de-WhatsApp-2025-03-28-a-las-17.28.32_919f5276-225x300.jpg 225w, https:\/\/innovarereformas.com\/wp-content\/uploads\/2025\/06\/Imagen-de-WhatsApp-2025-03-28-a-las-17.28.32_919f5276-1152x1536.jpg 1152w, https:\/\/innovarereformas.com\/wp-content\/uploads\/2025\/06\/Imagen-de-WhatsApp-2025-03-28-a-las-17.28.32_919f5276-9x12.jpg 9w, https:\/\/innovarereformas.com\/wp-content\/uploads\/2025\/06\/Imagen-de-WhatsApp-2025-03-28-a-las-17.28.32_919f5276-450x600.jpg 450w, https:\/\/innovarereformas.com\/wp-content\/uploads\/2025\/06\/Imagen-de-WhatsApp-2025-03-28-a-las-17.28.32_919f5276-350x467.jpg 350w, https:\/\/innovarereformas.com\/wp-content\/uploads\/2025\/06\/Imagen-de-WhatsApp-2025-03-28-a-las-17.28.32_919f5276-900x1200.jpg 900w, https:\/\/innovarereformas.com\/wp-content\/uploads\/2025\/06\/Imagen-de-WhatsApp-2025-03-28-a-las-17.28.32_919f5276.jpg 1200w\" \/><\/span><span class=\"meta-category\"><a class=\"tips-reformas\" href=\"https:\/\/innovarereformas.com\/en\/category\/tips-reformas\/\">Tips Reformas<\/a><\/span>        \n        <div class=\"article-content-wrap\">\n          \n          <div class=\"post-header\">\n            <h3 class=\"title\"><a href=\"https:\/\/innovarereformas.com\/en\/5-errores-que-debes-evitar-antes-de-empezar-una-reforma-en-casa\/\"> 5 errores que debes evitar antes de empezar una reforma en casa<\/a><\/h3>\n          <\/div>\n          \n          <div class=\"excerpt\">Empezar una reforma es una decisi\u00f3n importante. Ya sea renovar una cocina, actualizar un ba\u00f1o&hellip;<\/div><div class=\"grav-wrap\"><a href=\"https:\/\/innovarereformas.com\/en\/author\/innovare\/\"><img alt='innovare' src='https:\/\/secure.gravatar.com\/avatar\/4a085158788b7353892c2f974c4fa9a039695eeb4242bbd2a00ac8dbd75fd813?s=70&#038;d=mm&#038;r=g' srcset='https:\/\/secure.gravatar.com\/avatar\/4a085158788b7353892c2f974c4fa9a039695eeb4242bbd2a00ac8dbd75fd813?s=140&#038;d=mm&#038;r=g 2x' class='avatar avatar-70 photo' height='70' width='70' \/><\/a><div class=\"text\"><a href=\"https:\/\/innovarereformas.com\/en\/author\/innovare\/\" rel=\"author\">innovare<\/a><span>March 4, 2026<\/span><\/div><\/div>\n        <\/div><!--article-content-wrap-->\n        \n      <\/div><!--\/content-inner-->\n        \n    <\/div><!--\/post-content-->\n      \n  <\/div><!--\/inner-wrap-->\n    \n<\/article>    \n    <\/div><!--\/posts container-->\n    \n      \n<\/div><!--\/post area-->\n\n  \n\n<\/div>\n\n\n\t\t\t<\/div> \n\t\t<\/div>\n\t<\/div> \n<\/div><\/div>\n\t\t<div id=\"fws_69e3a9f6a67ba\"  data-column-margin=\"default\" data-midnight=\"dark\"  class=\"wpb_row vc_row-fluid vc_row\"  style=\"padding-top: 0px; padding-bottom: 0px; \"><div class=\"row-bg-wrap\" data-bg-animation=\"none\" data-bg-animation-delay=\"\" data-bg-overlay=\"false\"><div class=\"inner-wrap row-bg-layer\" ><div class=\"row-bg viewport-desktop\"  style=\"\"><\/div><\/div><\/div><div class=\"row_col_wrap_12 col span_12 dark left\">\n\t<div  class=\"vc_col-sm-12 wpb_column column_container vc_column_container col no-extra-padding inherit_tablet inherit_phone\"  data-padding-pos=\"all\" data-has-bg-color=\"false\" data-bg-color=\"\" data-bg-opacity=\"1\" data-animation=\"\" data-delay=\"0\" >\n\t\t<div class=\"vc_column-inner\" >\n\t\t\t<div class=\"wpb_wrapper\">\n\t\t\t\t\n\t\t\t<\/div> \n\t\t<\/div>\n\t<\/div> \n<\/div><\/div>","protected":false},"excerpt":{"rendered":"Empezar una reforma es una decisi\u00f3n importante. Ya sea renovar una cocina, actualizar un ba\u00f1o o transformar por completo una vivienda, una reforma bien planificada puede mejorar tu calidad de...","protected":false},"author":2,"featured_media":0,"parent":0,"menu_order":0,"comment_status":"closed","ping_status":"closed","template":"","meta":{"footnotes":""},"class_list":["post-500","page","type-page","status-publish"],"_links":{"self":[{"href":"https:\/\/innovarereformas.com\/en\/wp-json\/wp\/v2\/pages\/500","targetHints":{"allow":["GET"]}}],"collection":[{"href":"https:\/\/innovarereformas.com\/en\/wp-json\/wp\/v2\/pages"}],"about":[{"href":"https:\/\/innovarereformas.com\/en\/wp-json\/wp\/v2\/types\/page"}],"author":[{"embeddable":true,"href":"https:\/\/innovarereformas.com\/en\/wp-json\/wp\/v2\/users\/2"}],"replies":[{"embeddable":true,"href":"https:\/\/innovarereformas.com\/en\/wp-json\/wp\/v2\/comments?post=500"}],"version-history":[{"count":5,"href":"https:\/\/innovarereformas.com\/en\/wp-json\/wp\/v2\/pages\/500\/revisions"}],"predecessor-version":[{"id":505,"href":"https:\/\/innovarereformas.com\/en\/wp-json\/wp\/v2\/pages\/500\/revisions\/505"}],"wp:attachment":[{"href":"https:\/\/innovarereformas.com\/en\/wp-json\/wp\/v2\/media?parent=500"}],"curies":[{"name":"wp","href":"https:\/\/api.w.org\/{rel}","templated":true}]}}